{"id":2,"date":"2021-07-30T15:45:08","date_gmt":"2021-07-30T15:45:08","guid":{"rendered":"http:\/\/box5154\/cgi\/addon_GT.cgi?s=GT::WP::Install::EIG+%28elcuyone%29+-+10.0.87.64+%5BWordpress%3b+\/var\/hp\/common\/lib\/Wordpress.pm%3b+461%3b+Hosting::gap_call%5D\/?page_id=2"},"modified":"2026-04-24T02:26:44","modified_gmt":"2026-04-24T02:26:44","slug":"menus-de-degustacion","status":"publish","type":"page","link":"https:\/\/elchilegordo.com\/?page_id=2","title":{"rendered":"Nuestro Men\u00fa de Degustaci\u00f3n &#8211; Un Viaje Culinario Por M\u00e9xico"},"content":{"rendered":"\n<p class=\"\"><a href=\"https:\/\/elchilegordo.com\/?page_id=258\" title=\"The Menu\"><strong><em><span style=\"background-color:rgba(0, 0, 0, 0)\" class=\"has-inline-color has-vivid-red-color\">FOR ENGLISH CLICK HERE<\/span><\/em><\/strong><\/a><\/p>\n\n\n\n<p class=\"\">Vivir una noche en El Chile Gordo es mucho m\u00e1s que una cena. Para nosotros, &#8216;la comida Mexicana&#8217; es una tradici\u00f3n que refuerza la cultura mexicana y los lazos sociales. En El Chile Gordo, vivimos y compartimos este legado a trav\u00e9s de nuestro <strong>men\u00fa de degustaci\u00f3n<\/strong>.<\/p>\n\n\n\n<p class=\"has-text-align-center\"><strong><em>\u201cTienes que saborear una cultura para entenderla\u201d<\/em><\/strong> <strong><em>~ Deborah Cater<\/em><\/strong><\/p>\n\n\n\n<p class=\"\">Lo llevaremos a un <strong>recorrido gastron\u00f3mico<\/strong> por <strong>M\u00e9xico<\/strong>, donde ofrecemos <strong>una fusi\u00f3n de platillos tradicionales y conceptos innovadores<\/strong>, creados con aut\u00e9nticos ingredientes mexicanos y elaborados para <strong>resaltar la riqueza culinaria del pa\u00eds<\/strong>. Disfrutar\u00e1n sabores exquisitos, bellamente presentados en vajilla de madera artesanal &#8211; hecha por Oscar &#8211; cautivando todos sus sentidos.<\/p>\n\n\n\n<figure class=\"is-style-rounded wp-block-image size-large\"><img loading=\"lazy\" decoding=\"async\" width=\"1275\" height=\"1650\" src=\"https:\/\/i0.wp.com\/elchilegordo.com\/wp-content\/uploads\/2026\/04\/campeche-menu-1_page-0001.jpg?fit=640%2C829&amp;ssl=1\" alt=\"men\u00fa de degustaci\u00f3n\" class=\"wp-image-1190\" srcset=\"https:\/\/i0.wp.com\/elchilegordo.com\/wp-content\/uploads\/2026\/04\/campeche-menu-1_page-0001.jpg?w=1275&amp;ssl=1 1275w, https:\/\/i0.wp.com\/elchilegordo.com\/wp-content\/uploads\/2026\/04\/campeche-menu-1_page-0001.jpg?resize=232%2C300&amp;ssl=1 232w, https:\/\/i0.wp.com\/elchilegordo.com\/wp-content\/uploads\/2026\/04\/campeche-menu-1_page-0001.jpg?resize=791%2C1024&amp;ssl=1 791w, https:\/\/i0.wp.com\/elchilegordo.com\/wp-content\/uploads\/2026\/04\/campeche-menu-1_page-0001.jpg?resize=768%2C994&amp;ssl=1 768w, https:\/\/i0.wp.com\/elchilegordo.com\/wp-content\/uploads\/2026\/04\/campeche-menu-1_page-0001.jpg?resize=1187%2C1536&amp;ssl=1 1187w\" sizes=\"auto, (max-width: 640px) 100vw, 640px\" \/><figcaption class=\"wp-element-caption\">El Chile Gordo Men\u00fa de Degustaci\u00f3n<\/figcaption><\/figure>\n\n\n\n<div class=\"wp-block-group\"><div class=\"wp-block-group__inner-container is-layout-flow wp-block-group-is-layout-flow\">\n<div class=\"wp-block-columns is-layout-flex wp-container-core-columns-is-layout-9d6595d7 wp-block-columns-is-layout-flex\">\n<div class=\"wp-block-column is-layout-flow wp-block-column-is-layout-flow\" style=\"flex-basis:100%\">\n<div class=\"wp-block-group\"><div class=\"wp-block-group__inner-container is-layout-flow wp-block-group-is-layout-flow\">\n<div class=\"wp-block-group\"><div class=\"wp-block-group__inner-container is-layout-flow wp-block-group-is-layout-flow\">\n<p class=\"\">Nota: <em><strong>El men\u00fa de <strong>degustaci\u00f3n<\/strong><\/strong><\/em> <em><strong>es un ejemplo<\/strong> &#8211; los platos pueden cambiar seg\u00fan la disponibilidad de ingredientes frescos.<br>Debido a estos cambios, <strong>es muy importante que nos informen sobre cualquier alergia o restricci\u00f3n alimentaria al realizar su reservaci\u00f3n<\/strong>. <\/em><\/p>\n\n\n\n<p class=\"\"><em>Hacemos todo lo posible por adaptar nuestros men\u00fas a los requisitos diet\u00e9ticos; sin embargo, no podemos acomodar alergias a las <strong>nueces, semillas, ma\u00edz o chiles<\/strong>, ya que estos ingredientes constituyen la base fundamental de la gastronom\u00eda tradicional mexicana.<\/em><\/p>\n<\/div><\/div>\n<\/div><\/div>\n<\/div>\n<\/div>\n<\/div><\/div>\n\n\n\n<div class=\"wp-block-columns is-layout-flex wp-container-core-columns-is-layout-9d6595d7 wp-block-columns-is-layout-flex\">\n<div class=\"wp-block-column is-layout-flow wp-block-column-is-layout-flow\">\n<p class=\"\">Para m\u00e1s informaci\u00f3n de la <a href=\"https:\/\/elchilegordo.com\/?page_id=207\" title=\"La Experiencia\"><strong><em><span class=\"has-inline-color has-vivid-red-color\">EXPERIENCIA<\/span><\/em><\/strong><\/a> <\/p>\n\n\n\n<p class=\"\">O para hacer su <a href=\"https:\/\/elchilegordo.com\/?page_id=268\" target=\"_blank\" rel=\"noreferrer noopener\" title=\"Reservaciones\"><strong><em><span class=\"has-inline-color has-vivid-red-color\">RESERVACION<\/span><\/em><\/strong><\/a> <\/p>\n<\/div>\n<\/div>\n","protected":false},"excerpt":{"rendered":"<p>FOR ENGLISH CLICK HERE Vivir una noche en El Chile Gordo es mucho m\u00e1s que una cena. Para nosotros, &#8216;la comida Mexicana&#8217; es una tradici\u00f3n que refuerza la cultura mexicana y los lazos sociales. En El Chile Gordo, vivimos y compartimos este legado a trav\u00e9s de nuestro men\u00fa de degustaci\u00f3n. \u201cTienes que saborear una cultura<\/p>\n","protected":false},"author":1,"featured_media":0,"parent":0,"menu_order":0,"comment_status":"closed","ping_status":"closed","template":"","meta":{"nf_dc_page":"","om_disable_all_campaigns":false,"_monsterinsights_skip_tracking":false,"_monsterinsights_sitenote_active":false,"_monsterinsights_sitenote_note":"","_monsterinsights_sitenote_category":0,"footnotes":""},"class_list":["post-2","page","type-page","status-publish","hentry"],"aioseo_notices":[],"jetpack_sharing_enabled":true,"_links":{"self":[{"href":"https:\/\/elchilegordo.com\/index.php?rest_route=\/wp\/v2\/pages\/2","targetHints":{"allow":["GET"]}}],"collection":[{"href":"https:\/\/elchilegordo.com\/index.php?rest_route=\/wp\/v2\/pages"}],"about":[{"href":"https:\/\/elchilegordo.com\/index.php?rest_route=\/wp\/v2\/types\/page"}],"author":[{"embeddable":true,"href":"https:\/\/elchilegordo.com\/index.php?rest_route=\/wp\/v2\/users\/1"}],"replies":[{"embeddable":true,"href":"https:\/\/elchilegordo.com\/index.php?rest_route=%2Fwp%2Fv2%2Fcomments&post=2"}],"version-history":[{"count":5,"href":"https:\/\/elchilegordo.com\/index.php?rest_route=\/wp\/v2\/pages\/2\/revisions"}],"predecessor-version":[{"id":1191,"href":"https:\/\/elchilegordo.com\/index.php?rest_route=\/wp\/v2\/pages\/2\/revisions\/1191"}],"wp:attachment":[{"href":"https:\/\/elchilegordo.com\/index.php?rest_route=%2Fwp%2Fv2%2Fmedia&parent=2"}],"curies":[{"name":"wp","href":"https:\/\/api.w.org\/{rel}","templated":true}]}}