{"id":268,"date":"2021-08-02T17:24:31","date_gmt":"2021-08-02T17:24:31","guid":{"rendered":"https:\/\/elchilegordo.com\/?page_id=268"},"modified":"2024-10-06T02:27:20","modified_gmt":"2024-10-06T02:27:20","slug":"reservaciones","status":"publish","type":"page","link":"https:\/\/elchilegordo.com\/?page_id=268","title":{"rendered":"Reservaciones"},"content":{"rendered":"\n<p class=\"\"><a href=\"https:\/\/elchilegordo.com\/?page_id=162\" title=\"Reservations\"><strong><em><span style=\"background-color:rgba(0, 0, 0, 0)\" class=\"has-inline-color has-vivid-red-color\">FOR ENGLISH CLICK HERE<\/span><\/em><\/strong><\/a> <\/p>\n\n\n\n<h2 class=\"wp-block-heading\">Como Hacer Una Reserva:<\/h2>\n\n\n\n<p class=\"\">Antes de reservar, vale leer de la <a href=\"https:\/\/elchilegordo.com\/?page_id=207\" title=\"La Experiencia\"><strong><em><span class=\"has-inline-color has-vivid-red-color\">EXPERIENCIA<\/span><\/em><\/strong><\/a><strong><em><span class=\"has-inline-color has-vivid-red-color\"> <\/span><\/em><\/strong>para ver si le interesa. \u00a1El Chile Gordo no es un restaurant normal!<\/p>\n\n\n\n<p class=\"\">Tomen en cuenta que durante los meses bajos de turismo (mayo a octubre), solamente abrimos algunas fechas. Por favor, nos av\u00edsen con la mayor antelaci\u00f3n posible para que podamos hacer todo lo posible para atenderles.<\/p>\n\n\n\n<p class=\"\"><strong><em><a href=\"https:\/\/whatsform.com\/1luymn\" target=\"_blank\" rel=\"noopener\" title=\"Para Reservar\"><mark style=\"background-color:rgba(0, 0, 0, 0)\" class=\"has-inline-color has-vivid-red-color\">RESERVAR AQUI<\/mark><\/a><\/em><\/strong><\/p>\n\n\n\n<p class=\"\">O manden nos un mensaje escrito por <strong>WhatsApp <\/strong>a <strong>(+52) 999 16 997 14 <\/strong>con la informaci\u00f3n siguiente:<\/p>\n\n\n\n<div class=\"wp-block-columns is-layout-flex wp-container-core-columns-is-layout-9d6595d7 wp-block-columns-is-layout-flex\">\n<div class=\"wp-block-column is-layout-flow wp-block-column-is-layout-flow\">\n<ul class=\"wp-block-list\">\n<li class=\"\"><em><strong>su nombre<\/strong><\/em><\/li>\n\n\n\n<li class=\"\"><em><strong>fecha(s) preferidas<\/strong><\/em><\/li>\n\n\n\n<li class=\"\"><em><strong>cuantas personas<\/strong><\/em><\/li>\n\n\n\n<li class=\"\"><em><strong>si tienen alergias o requisitos <strong><em>diet\u00e9t<\/em><\/strong><\/strong><\/em><strong><em>icos (no podemos adaptarnos a las alergias a las nueces y semillas, al ma\u00edz y a los chiles &#8211; y no aceptamos personas que tienen alergia fatal a ingredientes que usamos en los platos)<\/em><\/strong><\/li>\n\n\n\n<li class=\"\"><em><strong>donde estan hospedados en El Cuyo (por si tenemos que contactarles y falla la <em>se\u00f1al<\/em>!) <\/strong><\/em><\/li>\n<\/ul>\n<\/div>\n<\/div>\n\n\n\n<p class=\"\"><strong>Contestaremos<\/strong> adentro de <strong>24 horas<\/strong> para avisar si su fecha esta disponible &#8211; y para asegurar la reserva, pedimos un deposito del 50% que se puede pagar por transferencia, PayPal, tarjeta o deposito OXXO.<\/p>\n\n\n\n<p class=\"\">Por favor, toma en cuenta que su espacio no est\u00e1 <strong>garantizado<\/strong> hasta que confirmemos su <strong><strong>dep\u00f3sito<\/strong><\/strong>.<\/p>\n\n\n\n<p class=\"\">Si su espacio ya est\u00e1 tomado, devolvemos inmediatamente 100% de su dep\u00f3sito, menos cargos y comisiones de los bancos\/PayPal etc. <\/p>\n\n\n\n<h2 class=\"wp-block-heading\">La Hora de Llegada<\/h2>\n\n\n\n<p class=\"\">Por favor, sean puntuales por qu\u00e9 los retrasos afectan a los otros comensales.&nbsp;Si llegan con m\u00e1s de 15 minutos de retraso, puede ser que no podemos acomodar su reserva y no devolvemos su dep\u00f3sito. <\/p>\n\n\n\n<h2 class=\"wp-block-heading\">Pol\u00edtica de Cancelaci\u00f3n<\/h2>\n\n\n\n<p class=\"\">Como tenemos muy poca capacidad, las cancelaciones nos perjudican muy fuerte. Por eso, tenemos la pol\u00edtica de cancelaci\u00f3n siguiente: <\/p>\n\n\n\n<ul class=\"wp-block-list\">\n<li class=\"\">Con 7+ d\u00edas, devolvemos 100% de su dep\u00f3sito, menos cargos y comisiones de los bancos\/PayPal etc. <\/li>\n\n\n\n<li class=\"\">Adentro de 7 d\u00edas de la reserva, podemos detener su dep\u00f3sito, dependiendo de las circunstancias.<\/li>\n\n\n\n<li class=\"\">Adentro de 48 horas de la reserva, no devolvemos los dep\u00f3sitos.<\/li>\n<\/ul>\n\n\n\n<p class=\"\"><\/p>\n","protected":false},"excerpt":{"rendered":"<p>FOR ENGLISH CLICK HERE Como Hacer Una Reserva: Antes de reservar, vale leer de la EXPERIENCIA para ver si le interesa. \u00a1El Chile Gordo no es un restaurant normal! Tomen en cuenta que durante los meses bajos de turismo (mayo a octubre), solamente abrimos algunas fechas. Por favor, nos av\u00edsen con la mayor antelaci\u00f3n posible<\/p>\n","protected":false},"author":1,"featured_media":0,"parent":0,"menu_order":0,"comment_status":"closed","ping_status":"closed","template":"","meta":{"nf_dc_page":"","om_disable_all_campaigns":false,"_monsterinsights_skip_tracking":false,"_monsterinsights_sitenote_active":false,"_monsterinsights_sitenote_note":"","_monsterinsights_sitenote_category":0,"footnotes":""},"class_list":["post-268","page","type-page","status-publish","hentry"],"aioseo_notices":[],"jetpack_sharing_enabled":true,"_links":{"self":[{"href":"https:\/\/elchilegordo.com\/index.php?rest_route=\/wp\/v2\/pages\/268","targetHints":{"allow":["GET"]}}],"collection":[{"href":"https:\/\/elchilegordo.com\/index.php?rest_route=\/wp\/v2\/pages"}],"about":[{"href":"https:\/\/elchilegordo.com\/index.php?rest_route=\/wp\/v2\/types\/page"}],"author":[{"embeddable":true,"href":"https:\/\/elchilegordo.com\/index.php?rest_route=\/wp\/v2\/users\/1"}],"replies":[{"embeddable":true,"href":"https:\/\/elchilegordo.com\/index.php?rest_route=%2Fwp%2Fv2%2Fcomments&post=268"}],"version-history":[{"count":5,"href":"https:\/\/elchilegordo.com\/index.php?rest_route=\/wp\/v2\/pages\/268\/revisions"}],"predecessor-version":[{"id":930,"href":"https:\/\/elchilegordo.com\/index.php?rest_route=\/wp\/v2\/pages\/268\/revisions\/930"}],"wp:attachment":[{"href":"https:\/\/elchilegordo.com\/index.php?rest_route=%2Fwp%2Fv2%2Fmedia&parent=268"}],"curies":[{"name":"wp","href":"https:\/\/api.w.org\/{rel}","templated":true}]}}