{"id":561,"date":"2024-04-03T01:05:15","date_gmt":"2024-04-03T01:05:15","guid":{"rendered":"https:\/\/elchilegordo.com\/?page_id=561"},"modified":"2024-04-03T02:28:39","modified_gmt":"2024-04-03T02:28:39","slug":"cena-privada","status":"publish","type":"page","link":"https:\/\/elchilegordo.com\/?page_id=561","title":{"rendered":"Cena Privada &#8211; Regalo Perfecto Para Amantes de la Gastronom\u00eda"},"content":{"rendered":"\n<p class=\"\"><strong><em><a href=\"https:\/\/elchilegordo.com\/?page_id=501\" target=\"_blank\" rel=\"noopener\" title=\"Private Dining\"><mark style=\"background-color:rgba(0, 0, 0, 0)\" class=\"has-inline-color has-vivid-red-color\">FOR ENGLISH, CLICK HERE<\/mark><\/a><\/em><\/strong><\/p>\n\n\n\n<p class=\"\">Una noche en El Chile Gordo est\u00e1 dise\u00f1ada para que hablen de ella durante a\u00f1os, pero para una experiencia incluso mas especial, pueden reservar todo el restaurante para una cena privada. (Tenga en cuenta que para grupos de cinco personas o m\u00e1s, autom\u00e1ticamente tendr\u00e1n el restaurante para ustedes solos).<\/p>\n\n\n\n<p class=\"\">La experiencia de cena privada para grupos de menos de 5 personas, incluye todo de la experiencia, pero con toques extra especiales. Se preparan platos adicionales en la mesa para ustedes. Y para algunos platillos, invita a alguien del grupo a ayudar a Oscar a preparar (\u00a1solo si ustedes lo desean!).<\/p>\n\n\n\n<figure class=\"wp-block-image size-large\"><img data-recalc-dims=\"1\" loading=\"lazy\" decoding=\"async\" width=\"640\" height=\"359\" src=\"https:\/\/i0.wp.com\/elchilegordo.com\/wp-content\/uploads\/2021\/08\/PSX_20210205_225921.jpg?resize=640%2C359&#038;ssl=1\" alt=\"guest grinding ingredients on a metate\" class=\"wp-image-120\" srcset=\"https:\/\/i0.wp.com\/elchilegordo.com\/wp-content\/uploads\/2021\/08\/PSX_20210205_225921.jpg?resize=1024%2C574&amp;ssl=1 1024w, https:\/\/i0.wp.com\/elchilegordo.com\/wp-content\/uploads\/2021\/08\/PSX_20210205_225921.jpg?resize=300%2C168&amp;ssl=1 300w, https:\/\/i0.wp.com\/elchilegordo.com\/wp-content\/uploads\/2021\/08\/PSX_20210205_225921.jpg?resize=768%2C430&amp;ssl=1 768w, https:\/\/i0.wp.com\/elchilegordo.com\/wp-content\/uploads\/2021\/08\/PSX_20210205_225921.jpg?w=1080&amp;ssl=1 1080w\" sizes=\"auto, (max-width: 640px) 100vw, 640px\" \/><\/figure>\n\n\n\n<p class=\"\">Saldr\u00e1n al final de la cena con recuerdos para atesorar, adem\u00e1s de recetas y el conocimiento para que puedan crear sus propios platos mexicanos en casa &#8211; lo que hace que cenar en privado con nosotros sea el regalo perfecto para foodies, tambi\u00e9n para los amantes de la comida mexicana, las personas que aman las experiencias culturales y los compa\u00f1eros chefs. <\/p>\n\n\n\n<p class=\"\">Para una cena privada, ustedes deciden la hora de inicio entre las 4:00 p.m. y las 8:00 p.m.<\/p>\n\n\n\n<p class=\"\">Precio para 1 a 4 personas &#8211; $8500mx total<\/p>\n\n\n\n<p class=\"\">Para reservar, env\u00edenos un WhatsApp e indiquen que desean una cena privada, con su fecha preferida y la cantidad de personas en su grupo.<\/p>\n\n\n\n<p class=\"\"><strong><em><a href=\"https:\/\/whatsform.com\/1luymn\" target=\"_blank\" rel=\"noopener\" title=\"Para Reservar\"><mark style=\"background-color:rgba(0, 0, 0, 0)\" class=\"has-inline-color has-vivid-red-color\">RESERVEN AQUI<\/mark><\/a><\/em><\/strong><\/p>\n","protected":false},"excerpt":{"rendered":"<p>FOR ENGLISH, CLICK HERE Una noche en El Chile Gordo est\u00e1 dise\u00f1ada para que hablen de ella durante a\u00f1os, pero para una experiencia incluso mas especial, pueden reservar todo el restaurante para una cena privada. (Tenga en cuenta que para grupos de cinco personas o m\u00e1s, autom\u00e1ticamente tendr\u00e1n el restaurante para ustedes solos). La experiencia<\/p>\n","protected":false},"author":1,"featured_media":120,"parent":0,"menu_order":0,"comment_status":"closed","ping_status":"closed","template":"","meta":{"nf_dc_page":"","om_disable_all_campaigns":false,"_monsterinsights_skip_tracking":false,"_monsterinsights_sitenote_active":false,"_monsterinsights_sitenote_note":"","_monsterinsights_sitenote_category":0,"footnotes":""},"class_list":["post-561","page","type-page","status-publish","has-post-thumbnail","hentry"],"aioseo_notices":[],"jetpack_sharing_enabled":true,"_links":{"self":[{"href":"https:\/\/elchilegordo.com\/index.php?rest_route=\/wp\/v2\/pages\/561","targetHints":{"allow":["GET"]}}],"collection":[{"href":"https:\/\/elchilegordo.com\/index.php?rest_route=\/wp\/v2\/pages"}],"about":[{"href":"https:\/\/elchilegordo.com\/index.php?rest_route=\/wp\/v2\/types\/page"}],"author":[{"embeddable":true,"href":"https:\/\/elchilegordo.com\/index.php?rest_route=\/wp\/v2\/users\/1"}],"replies":[{"embeddable":true,"href":"https:\/\/elchilegordo.com\/index.php?rest_route=%2Fwp%2Fv2%2Fcomments&post=561"}],"version-history":[{"count":5,"href":"https:\/\/elchilegordo.com\/index.php?rest_route=\/wp\/v2\/pages\/561\/revisions"}],"predecessor-version":[{"id":583,"href":"https:\/\/elchilegordo.com\/index.php?rest_route=\/wp\/v2\/pages\/561\/revisions\/583"}],"wp:featuredmedia":[{"embeddable":true,"href":"https:\/\/elchilegordo.com\/index.php?rest_route=\/wp\/v2\/media\/120"}],"wp:attachment":[{"href":"https:\/\/elchilegordo.com\/index.php?rest_route=%2Fwp%2Fv2%2Fmedia&parent=561"}],"curies":[{"name":"wp","href":"https:\/\/api.w.org\/{rel}","templated":true}]}}